{"id":141,"date":"2024-06-25T16:50:01","date_gmt":"2024-06-25T16:50:01","guid":{"rendered":"https:\/\/fundaujaimeh.org\/?page_id=141"},"modified":"2024-06-25T17:37:15","modified_gmt":"2024-06-25T17:37:15","slug":"creditos-educativos","status":"publish","type":"page","link":"https:\/\/fundaujaimeh.org\/index.php\/creditos-educativos\/","title":{"rendered":"Cr\u00e9ditos Educativos"},"content":{"rendered":"\n<h2 class=\"wp-block-heading\">Ayudamos a los m\u00e1s necesitados<\/h2>\n\n\n\n<p>Nos complace anunciar la campa\u00f1a de <strong>\u00abCr\u00e9ditos Educativos\u00bb<\/strong> de la Fundaci\u00f3n Universitaria Jaime Horacio G\u00f3mez Arcila, una iniciativa dise\u00f1ada para brindar apoyo financiero a los estudiantes del Polit\u00e9cnico ASDI. A trav\u00e9s de esta campa\u00f1a, ofrecemos cr\u00e9ditos educativos que facilitan el acceso a recursos monetarios necesarios para que los estudiantes puedan continuar con sus estudios sin interrupciones debido a limitaciones econ\u00f3micas.<\/p>\n\n\n\n<p>En la Fundaci\u00f3n Universitaria Jaime Horacio G\u00f3mez Arcila, estamos comprometidos con el desarrollo acad\u00e9mico y personal de los j\u00f3venes. Entendemos que la educaci\u00f3n es una herramienta poderosa para transformar vidas y comunidades, y es por eso que hemos creado esta campa\u00f1a de \u00abCr\u00e9ditos Educativos\u00bb. Nuestro objetivo es asegurar que ning\u00fan estudiante tenga que renunciar a su sue\u00f1o de obtener una educaci\u00f3n superior por falta de recursos econ\u00f3micos.<\/p>\n\n\n\n<p>Invitamos a todos los interesados en apoyar esta noble causa a unirse a nosotros. Puedes contribuir realizando donaciones, participando en nuestras actividades de recaudaci\u00f3n de fondos, o ayudando a difundir esta iniciativa para que m\u00e1s personas puedan beneficiarse de ella.<\/p>\n\n\n\n<p>Para m\u00e1s informaci\u00f3n sobre c\u00f3mo puedes apoyar la campa\u00f1a de \u00abCr\u00e9ditos Educativos\u00bb y formar parte de esta misi\u00f3n solidaria, visita nuestra p\u00e1gina web o cont\u00e1ctanos a trav\u00e9s de nuestras redes sociales. Juntos, podemos abrir puertas hacia un futuro lleno de oportunidades para los estudiantes del Polit\u00e9cnico ASDI.<\/p>\n\n\n\n<p>\u00a1Gracias por tu apoyo y por ser parte de esta importante iniciativa!<\/p>\n\n\n\n<figure class=\"wp-block-image size-large\"><img fetchpriority=\"high\" decoding=\"async\" width=\"808\" height=\"1024\" src=\"https:\/\/fundaujaimeh.org\/wp-content\/uploads\/2024\/06\/WhatsApp-Image-2024-06-25-at-12.31.17-PM-808x1024.jpeg\" alt=\"\" class=\"wp-image-148\" srcset=\"https:\/\/fundaujaimeh.org\/wp-content\/uploads\/2024\/06\/WhatsApp-Image-2024-06-25-at-12.31.17-PM-808x1024.jpeg 808w, https:\/\/fundaujaimeh.org\/wp-content\/uploads\/2024\/06\/WhatsApp-Image-2024-06-25-at-12.31.17-PM-237x300.jpeg 237w, https:\/\/fundaujaimeh.org\/wp-content\/uploads\/2024\/06\/WhatsApp-Image-2024-06-25-at-12.31.17-PM-768x973.jpeg 768w, https:\/\/fundaujaimeh.org\/wp-content\/uploads\/2024\/06\/WhatsApp-Image-2024-06-25-at-12.31.17-PM-1212x1536.jpeg 1212w, https:\/\/fundaujaimeh.org\/wp-content\/uploads\/2024\/06\/WhatsApp-Image-2024-06-25-at-12.31.17-PM.jpeg 1263w\" sizes=\"(max-width: 808px) 100vw, 808px\" \/><\/figure>\n","protected":false},"excerpt":{"rendered":"<p>Ayudamos a los m\u00e1s necesitados Nos complace anunciar la campa\u00f1a de \u00abCr\u00e9ditos Educativos\u00bb de la Fundaci\u00f3n Universitaria Jaime Horacio G\u00f3mez Arcila, una iniciativa dise\u00f1ada para brindar apoyo financiero a los estudiantes del Polit\u00e9cnico ASDI. A trav\u00e9s de esta campa\u00f1a, ofrecemos cr\u00e9ditos educativos que facilitan el acceso a recursos monetarios necesarios para que los estudiantes puedan [&hellip;]<\/p>\n","protected":false},"author":1,"featured_media":148,"parent":0,"menu_order":0,"comment_status":"closed","ping_status":"closed","template":"","meta":{"footnotes":""},"class_list":["post-141","page","type-page","status-publish","has-post-thumbnail","hentry"],"_links":{"self":[{"href":"https:\/\/fundaujaimeh.org\/index.php\/wp-json\/wp\/v2\/pages\/141","targetHints":{"allow":["GET"]}}],"collection":[{"href":"https:\/\/fundaujaimeh.org\/index.php\/wp-json\/wp\/v2\/pages"}],"about":[{"href":"https:\/\/fundaujaimeh.org\/index.php\/wp-json\/wp\/v2\/types\/page"}],"author":[{"embeddable":true,"href":"https:\/\/fundaujaimeh.org\/index.php\/wp-json\/wp\/v2\/users\/1"}],"replies":[{"embeddable":true,"href":"https:\/\/fundaujaimeh.org\/index.php\/wp-json\/wp\/v2\/comments?post=141"}],"version-history":[{"count":3,"href":"https:\/\/fundaujaimeh.org\/index.php\/wp-json\/wp\/v2\/pages\/141\/revisions"}],"predecessor-version":[{"id":149,"href":"https:\/\/fundaujaimeh.org\/index.php\/wp-json\/wp\/v2\/pages\/141\/revisions\/149"}],"wp:featuredmedia":[{"embeddable":true,"href":"https:\/\/fundaujaimeh.org\/index.php\/wp-json\/wp\/v2\/media\/148"}],"wp:attachment":[{"href":"https:\/\/fundaujaimeh.org\/index.php\/wp-json\/wp\/v2\/media?parent=141"}],"curies":[{"name":"wp","href":"https:\/\/api.w.org\/{rel}","templated":true}]}}