{"id":133,"date":"2024-06-25T16:42:29","date_gmt":"2024-06-25T16:42:29","guid":{"rendered":"https:\/\/fundaujaimeh.org\/?page_id=133"},"modified":"2024-06-25T17:58:26","modified_gmt":"2024-06-25T17:58:26","slug":"proyectos-sociales","status":"publish","type":"page","link":"https:\/\/fundaujaimeh.org\/index.php\/proyectos-sociales\/","title":{"rendered":"Proyectos Sociales"},"content":{"rendered":"\n<h2 class=\"wp-block-heading\">Ayudamos a los m\u00e1s necesitados<\/h2>\n\n\n\n<p>La Fundaci\u00f3n Universitaria Jaime Horacio G\u00f3mez Arcila se enorgullece en anunciar su nueva campa\u00f1a de <strong>\u00abProyectos Sociales\u00bb<\/strong>, una iniciativa destinada a brindar apoyo directo a las familias m\u00e1s necesitadas de nuestra comunidad. A trav\u00e9s de esta campa\u00f1a, estamos proporcionando mercados con productos esenciales para asegurar que nadie pase hambre y que todas las familias tengan acceso a los alimentos necesarios para una vida digna.<\/p>\n\n\n\n<p>En la Fundaci\u00f3n, entendemos las dificultades econ\u00f3micas que enfrentan muchas personas y estamos comprometidos en hacer nuestra parte para aliviar estas cargas. Los mercados que distribuimos contienen una variedad de alimentos b\u00e1sicos que contribuyen a mejorar la nutrici\u00f3n y el bienestar de las personas m\u00e1s vulnerables.<\/p>\n\n\n\n<p>Te invitamos a ser parte de este esfuerzo solidario. Puedes colaborar con nosotros donando productos alimenticios, realizando aportes econ\u00f3micos, o participando como voluntario en las actividades de distribuci\u00f3n. Cada contribuci\u00f3n, por peque\u00f1a que sea, hace una gran diferencia y ayuda a construir una comunidad m\u00e1s solidaria y equitativa.<\/p>\n\n\n\n<p>Para m\u00e1s informaci\u00f3n sobre c\u00f3mo puedes apoyar la campa\u00f1a de \u00abProyectos Sociales\u00bb y unirte a esta noble causa, visita nuestra p\u00e1gina web o cont\u00e1ctanos a trav\u00e9s de nuestras redes sociales. Con tu ayuda, podemos llevar esperanza y sustento a quienes m\u00e1s lo necesitan.<\/p>\n\n\n\n<p>\u00a1Gracias por tu generosidad y por ser parte de este proyecto humanitario!<\/p>\n\n\n\n<figure class=\"wp-block-image size-large\"><img fetchpriority=\"high\" decoding=\"async\" width=\"808\" height=\"1024\" src=\"https:\/\/fundaujaimeh.org\/wp-content\/uploads\/2024\/06\/WhatsApp-Image-2024-06-25-at-12.57.50-PM-808x1024.jpeg\" alt=\"\" class=\"wp-image-152\" srcset=\"https:\/\/fundaujaimeh.org\/wp-content\/uploads\/2024\/06\/WhatsApp-Image-2024-06-25-at-12.57.50-PM-808x1024.jpeg 808w, https:\/\/fundaujaimeh.org\/wp-content\/uploads\/2024\/06\/WhatsApp-Image-2024-06-25-at-12.57.50-PM-237x300.jpeg 237w, https:\/\/fundaujaimeh.org\/wp-content\/uploads\/2024\/06\/WhatsApp-Image-2024-06-25-at-12.57.50-PM-768x973.jpeg 768w, https:\/\/fundaujaimeh.org\/wp-content\/uploads\/2024\/06\/WhatsApp-Image-2024-06-25-at-12.57.50-PM-1212x1536.jpeg 1212w, https:\/\/fundaujaimeh.org\/wp-content\/uploads\/2024\/06\/WhatsApp-Image-2024-06-25-at-12.57.50-PM.jpeg 1263w\" sizes=\"(max-width: 808px) 100vw, 808px\" \/><\/figure>\n","protected":false},"excerpt":{"rendered":"<p>Ayudamos a los m\u00e1s necesitados La Fundaci\u00f3n Universitaria Jaime Horacio G\u00f3mez Arcila se enorgullece en anunciar su nueva campa\u00f1a de \u00abProyectos Sociales\u00bb, una iniciativa destinada a brindar apoyo directo a las familias m\u00e1s necesitadas de nuestra comunidad. A trav\u00e9s de esta campa\u00f1a, estamos proporcionando mercados con productos esenciales para asegurar que nadie pase hambre y [&hellip;]<\/p>\n","protected":false},"author":1,"featured_media":152,"parent":0,"menu_order":0,"comment_status":"closed","ping_status":"closed","template":"","meta":{"footnotes":""},"class_list":["post-133","page","type-page","status-publish","has-post-thumbnail","hentry"],"_links":{"self":[{"href":"https:\/\/fundaujaimeh.org\/index.php\/wp-json\/wp\/v2\/pages\/133","targetHints":{"allow":["GET"]}}],"collection":[{"href":"https:\/\/fundaujaimeh.org\/index.php\/wp-json\/wp\/v2\/pages"}],"about":[{"href":"https:\/\/fundaujaimeh.org\/index.php\/wp-json\/wp\/v2\/types\/page"}],"author":[{"embeddable":true,"href":"https:\/\/fundaujaimeh.org\/index.php\/wp-json\/wp\/v2\/users\/1"}],"replies":[{"embeddable":true,"href":"https:\/\/fundaujaimeh.org\/index.php\/wp-json\/wp\/v2\/comments?post=133"}],"version-history":[{"count":3,"href":"https:\/\/fundaujaimeh.org\/index.php\/wp-json\/wp\/v2\/pages\/133\/revisions"}],"predecessor-version":[{"id":153,"href":"https:\/\/fundaujaimeh.org\/index.php\/wp-json\/wp\/v2\/pages\/133\/revisions\/153"}],"wp:featuredmedia":[{"embeddable":true,"href":"https:\/\/fundaujaimeh.org\/index.php\/wp-json\/wp\/v2\/media\/152"}],"wp:attachment":[{"href":"https:\/\/fundaujaimeh.org\/index.php\/wp-json\/wp\/v2\/media?parent=133"}],"curies":[{"name":"wp","href":"https:\/\/api.w.org\/{rel}","templated":true}]}}