{"id":128,"date":"2024-06-25T16:39:11","date_gmt":"2024-06-25T16:39:11","guid":{"rendered":"https:\/\/fundaujaimeh.org\/?page_id=128"},"modified":"2024-06-25T19:28:27","modified_gmt":"2024-06-25T19:28:27","slug":"ayudas-economicas","status":"publish","type":"page","link":"https:\/\/fundaujaimeh.org\/index.php\/ayudas-economicas\/","title":{"rendered":"Ayudas Econ\u00f3micas"},"content":{"rendered":"\n<h2 class=\"wp-block-heading\">Ayudamos a los m\u00e1s necesitados<\/h2>\n\n\n\n<p>Nos llena de orgullo presentar la campa\u00f1a de <strong>\u00abAyudas Econ\u00f3micas\u00bb<\/strong> de la Fundaci\u00f3n Universitaria Jaime Horacio G\u00f3mez Arcila, una iniciativa dise\u00f1ada para apoyar a los estudiantes del Polit\u00e9cnico ASDI. A trav\u00e9s de esta campa\u00f1a, estamos ofreciendo becas parciales que permitir\u00e1n a muchos j\u00f3venes talentosos continuar sus estudios y alcanzar sus metas acad\u00e9micas, superando las barreras econ\u00f3micas.<\/p>\n\n\n\n<p>En la Fundaci\u00f3n Universitaria Jaime Horacio G\u00f3mez Arcila, creemos firmemente en el poder transformador de la educaci\u00f3n y estamos comprometidos en brindar oportunidades para que cada estudiante pueda desarrollar su potencial al m\u00e1ximo. Con las becas parciales de \u00abAyudas Econ\u00f3micas\u00bb, buscamos aliviar la carga financiera de las familias y asegurar que ning\u00fan joven tenga que abandonar su sue\u00f1o de obtener una educaci\u00f3n superior de calidad.<\/p>\n\n\n\n<p>Invitamos a todos los miembros de nuestra comunidad y a cualquier persona interesada en apoyar esta causa a unirse a nosotros. Puedes contribuir realizando donaciones, participando en nuestras actividades de recaudaci\u00f3n de fondos, o ayudando a difundir esta iniciativa.<\/p>\n\n\n\n<p>Para m\u00e1s informaci\u00f3n sobre c\u00f3mo puedes contribuir y ser parte de esta noble causa, visita nuestra p\u00e1gina web o s\u00edguenos en nuestras redes sociales. Juntos, podemos construir un futuro m\u00e1s prometedor para los estudiantes del Polit\u00e9cnico ASDI.<\/p>\n\n\n\n<p>\u00a1Tu apoyo es crucial para el \u00e9xito de esta campa\u00f1a!<\/p>\n\n\n\n<figure class=\"wp-block-video\"><video height=\"848\" style=\"aspect-ratio: 480 \/ 848;\" width=\"480\" autoplay controls loop src=\"https:\/\/fundaujaimeh.org\/wp-content\/uploads\/2024\/06\/WhatsApp-Video-2024-06-25-at-12.59.19-PM-1.mp4\" playsinline><\/video><\/figure>\n","protected":false},"excerpt":{"rendered":"<p>Ayudamos a los m\u00e1s necesitados Nos llena de orgullo presentar la campa\u00f1a de \u00abAyudas Econ\u00f3micas\u00bb de la Fundaci\u00f3n Universitaria Jaime Horacio G\u00f3mez Arcila, una iniciativa dise\u00f1ada para apoyar a los estudiantes del Polit\u00e9cnico ASDI. A trav\u00e9s de esta campa\u00f1a, estamos ofreciendo becas parciales que permitir\u00e1n a muchos j\u00f3venes talentosos continuar sus estudios y alcanzar sus [&hellip;]<\/p>\n","protected":false},"author":1,"featured_media":0,"parent":0,"menu_order":0,"comment_status":"closed","ping_status":"closed","template":"","meta":{"footnotes":""},"class_list":["post-128","page","type-page","status-publish","hentry"],"_links":{"self":[{"href":"https:\/\/fundaujaimeh.org\/index.php\/wp-json\/wp\/v2\/pages\/128","targetHints":{"allow":["GET"]}}],"collection":[{"href":"https:\/\/fundaujaimeh.org\/index.php\/wp-json\/wp\/v2\/pages"}],"about":[{"href":"https:\/\/fundaujaimeh.org\/index.php\/wp-json\/wp\/v2\/types\/page"}],"author":[{"embeddable":true,"href":"https:\/\/fundaujaimeh.org\/index.php\/wp-json\/wp\/v2\/users\/1"}],"replies":[{"embeddable":true,"href":"https:\/\/fundaujaimeh.org\/index.php\/wp-json\/wp\/v2\/comments?post=128"}],"version-history":[{"count":4,"href":"https:\/\/fundaujaimeh.org\/index.php\/wp-json\/wp\/v2\/pages\/128\/revisions"}],"predecessor-version":[{"id":157,"href":"https:\/\/fundaujaimeh.org\/index.php\/wp-json\/wp\/v2\/pages\/128\/revisions\/157"}],"wp:attachment":[{"href":"https:\/\/fundaujaimeh.org\/index.php\/wp-json\/wp\/v2\/media?parent=128"}],"curies":[{"name":"wp","href":"https:\/\/api.w.org\/{rel}","templated":true}]}}